{"id":1152,"date":"2015-04-20T15:09:03","date_gmt":"2015-04-20T13:09:03","guid":{"rendered":"http:\/\/angusforbes.net\/de\/?page_id=1152"},"modified":"2020-12-18T07:32:09","modified_gmt":"2020-12-18T06:32:09","slug":"interpretive-landscape-design","status":"publish","type":"page","link":"http:\/\/angusforbes.net\/de\/?page_id=1152","title":{"rendered":"Interpretive Landschaftsgestaltung"},"content":{"rendered":"<div class=\"krown-column-row clearfix wpb_row krown-column-row clearfix-fluid\">\n\t<div class=\"krown-column-container clearfix span6\" style=\"\">\n\t\t<div class=\"krown-section-title clearfix large  align-left\" style=\"margin-bottom:30px;text-align:left\"><h3>Interpretive Landschaftsgestaltung <\/h3><\/div>\n\t<\/div> \n\n\t<div class=\"krown-column-container clearfix span6\" style=\"\">\n\t\t\n\t\t\t<p>Sich als &#8222;Geotourist&#8220; eine Landschaft zu n\u00e4hern kann faszinierend und lohnend sein. Die Urspr\u00fcnge der kreativen Disziplin der \u201eHeritage Interpretation\u201c finden sich vor hundert Jahren bei der Gr\u00fcndung der Nationalparks in den USA. Bei Heritage Interpretation geht es darum, Natur- und Kulturerbe spannend, interessant und wichtig f\u00fcr die Menschen zu machen. Traditionell ist es das Gebiet der Ranger und Guides, aber wenn diese nicht verf\u00fcgbar sind, gibt es vieles, was durch dauerhafte Einrichtungen vor Ort erreicht werden kann. Unterst\u00fctzt durch Historiker und Biologen, kann gute interpretative Landschaftsgestaltung nicht nur dem Besucher Werte, Spa\u00df und Informationen vermitteln, sondern auch einiges f\u00fcr die Erhaltung der Schutzgebiete selbst tun. Ich bin seit 2014 Mitglied von Interpret Europe und koordiniere die Arbeitsgruppe Architektur.<\/p>\n<p>http:\/\/www.interpret-europe.net<\/p>\n\n\t<\/div> \n<\/div>\n","protected":false},"excerpt":{"rendered":"Interpretive Landschaftsgestaltung Sich als \"Geotourist\" eine Landschaft zu n\u00e4hern kann faszinierend und lohnend sein. Die Urspr\u00fcnge der kreativen Disziplin der \u201eHeritage Interpretation\u201c finden sich vor hundert Jahren bei der Gr\u00fcndung der Nationalparks in den USA. Bei Heritage Interpretation geht es darum, Natur- und Kulturerbe spannend, interessant und wichtig f\u00fcr die Menschen zu machen. Traditionell ist [...]","protected":false},"author":1,"featured_media":0,"parent":0,"menu_order":0,"comment_status":"open","ping_status":"open","template":"","meta":[],"_links":{"self":[{"href":"http:\/\/angusforbes.net\/de\/index.php?rest_route=\/wp\/v2\/pages\/1152"}],"collection":[{"href":"http:\/\/angusforbes.net\/de\/index.php?rest_route=\/wp\/v2\/pages"}],"about":[{"href":"http:\/\/angusforbes.net\/de\/index.php?rest_route=\/wp\/v2\/types\/page"}],"author":[{"embeddable":true,"href":"http:\/\/angusforbes.net\/de\/index.php?rest_route=\/wp\/v2\/users\/1"}],"replies":[{"embeddable":true,"href":"http:\/\/angusforbes.net\/de\/index.php?rest_route=%2Fwp%2Fv2%2Fcomments&post=1152"}],"version-history":[{"count":8,"href":"http:\/\/angusforbes.net\/de\/index.php?rest_route=\/wp\/v2\/pages\/1152\/revisions"}],"predecessor-version":[{"id":1559,"href":"http:\/\/angusforbes.net\/de\/index.php?rest_route=\/wp\/v2\/pages\/1152\/revisions\/1559"}],"wp:attachment":[{"href":"http:\/\/angusforbes.net\/de\/index.php?rest_route=%2Fwp%2Fv2%2Fmedia&parent=1152"}],"curies":[{"name":"wp","href":"https:\/\/api.w.org\/{rel}","templated":true}]}}