{"id":1154,"date":"2015-04-20T15:10:20","date_gmt":"2015-04-20T13:10:20","guid":{"rendered":"http:\/\/angusforbes.net\/de\/?page_id=1154"},"modified":"2015-09-06T18:45:59","modified_gmt":"2015-09-06T16:45:59","slug":"identity-building-landscape-design","status":"publish","type":"page","link":"http:\/\/angusforbes.net\/de\/?page_id=1154","title":{"rendered":"Identit\u00e4tsstiftende Landschaftsgestaltung"},"content":{"rendered":"<div class=\"krown-column-row clearfix wpb_row krown-column-row clearfix-fluid\">\n\t<div class=\"krown-column-container clearfix span6\" style=\"\">\n\t\t<div class=\"krown-section-title clearfix large  align-left\" style=\"margin-bottom:30px;text-align:left\"><h3>Identit\u00e4tsstiftende Landschaftsgestaltung <\/h3><\/div>\n\t<\/div> \n\n\t<div class=\"krown-column-container clearfix span6\" style=\"\">\n\t\t\n\t\t\t<p>Was vereint alles und jeden an einem bestimmten Ort?  &#8230;Der Ort selbst nat\u00fcrlich!<\/p>\n<p>Die Einzigartigkeit des eigenen Lebensraums zu feiern, scheint mir ein nat\u00fcrlicher Ausgangspunkt f\u00fcr die Entwicklung von lokaler Kultur und Identit\u00e4t. Aber gerade die Aspekte, die einen Ort f\u00fcr Au\u00dfenstehende interessant machen, sto\u00dfen oft auf Gleichg\u00fcltigkeit bei den Anwohnern.<\/p>\n<p>Es spielt keine Rolle, ob eine Baustelle nun ein Schulhof, ein Park oder ein Kreisverkehr ist, als &#8222;professioneller Au\u00dfenseiter&#8220; achte ich darauf, dass das &#8222;Normale&#8220; als etwas Besonderes erlebt wird.<\/p>\n\n\t<\/div> \n<\/div>\n","protected":false},"excerpt":{"rendered":"Identit\u00e4tsstiftende Landschaftsgestaltung Was vereint alles und jeden an einem bestimmten Ort? ...Der Ort selbst nat\u00fcrlich! Die Einzigartigkeit des eigenen Lebensraums zu feiern, scheint mir ein nat\u00fcrlicher Ausgangspunkt f\u00fcr die Entwicklung von lokaler Kultur und Identit\u00e4t. Aber gerade die Aspekte, die einen Ort f\u00fcr Au\u00dfenstehende interessant machen, sto\u00dfen oft auf Gleichg\u00fcltigkeit bei den Anwohnern. Es spielt [...]","protected":false},"author":1,"featured_media":0,"parent":0,"menu_order":0,"comment_status":"open","ping_status":"open","template":"","meta":[],"_links":{"self":[{"href":"http:\/\/angusforbes.net\/de\/index.php?rest_route=\/wp\/v2\/pages\/1154"}],"collection":[{"href":"http:\/\/angusforbes.net\/de\/index.php?rest_route=\/wp\/v2\/pages"}],"about":[{"href":"http:\/\/angusforbes.net\/de\/index.php?rest_route=\/wp\/v2\/types\/page"}],"author":[{"embeddable":true,"href":"http:\/\/angusforbes.net\/de\/index.php?rest_route=\/wp\/v2\/users\/1"}],"replies":[{"embeddable":true,"href":"http:\/\/angusforbes.net\/de\/index.php?rest_route=%2Fwp%2Fv2%2Fcomments&post=1154"}],"version-history":[{"count":4,"href":"http:\/\/angusforbes.net\/de\/index.php?rest_route=\/wp\/v2\/pages\/1154\/revisions"}],"predecessor-version":[{"id":1328,"href":"http:\/\/angusforbes.net\/de\/index.php?rest_route=\/wp\/v2\/pages\/1154\/revisions\/1328"}],"wp:attachment":[{"href":"http:\/\/angusforbes.net\/de\/index.php?rest_route=%2Fwp%2Fv2%2Fmedia&parent=1154"}],"curies":[{"name":"wp","href":"https:\/\/api.w.org\/{rel}","templated":true}]}}