{"id":120,"date":"2014-09-23T08:13:25","date_gmt":"2014-09-23T08:13:25","guid":{"rendered":"http:\/\/\/angusforbes.net\/demo.krownthemes.com\/koncept\/?page_id=120"},"modified":"2020-12-18T07:39:11","modified_gmt":"2020-12-18T06:39:11","slug":"about-us-2","status":"publish","type":"page","link":"http:\/\/angusforbes.net\/de\/?page_id=120","title":{"rendered":"\u00fcber mich"},"content":{"rendered":"<div class=\"krown-column-row clearfix wpb_row krown-column-row clearfix-fluid\">\n\t<div class=\"krown-column-container clearfix span12\" style=\"background-color: #f4f2f2;\">\n\t\t\n\t\t\t<p>Angus Forbes wurde 1971 in Kenia geboren und wuchs im schottischen Hochland auf. Nach seinem Grundstudium an der Middlesex School of Art und Design in London absolvierte er sein Bachelor in Industriedesign an der University of Plymouth und sein Master in Landschaftsarchitektur an der Napier-University of Edinburgh.<\/p>\n<p>Im Jahr 1998 zog er nach Berlin, da er dort von der Freiheit f\u00fcr innovative Landschaftsarchitektur fasziniert war. Nach einer Besch\u00e4ftigung beim Amt f\u00fcr Gartendenkmalpflege in Berlin wechselte er in die Tourismusbranche und entwarf Au\u00dfenanlagen f\u00fcr 4-Sterne Hotels entlang der deutschen Ostseek\u00fcste. Als ausgebildeter Landschaftsarchitekt entwarf er in den folgenden Jahren \u00fcber zwanzig Schulh\u00f6fe und Kinderg\u00e4rten in und um Berlin. 2009 wurde sein Kurpark in Bad Wilsnack mit dem Deutschen Spielplatzpreis ausgezeichnet.<\/p>\n<p>Seit 2010 arbeitet er an Bildungs- und Erlebnisangeboten in Natur- und Kulturr\u00e4umen. Dabei werden die Besonderheiten des Gebietes spielerisch f\u00fcr Besucher zug\u00e4nglich gemacht und interpretiert. Angus Forbes ist seit 2014 Mitglied von Interpret Europe und ist leitet die Arbeitsgruppe &#8222;Architektur und Landschaftsarchitektur&#8220;.<\/p>\n<p>Neben klassischer Landschaftsgestaltung reichen seine Projekte von Internet-Anwendungen \u00fcber Kunstinstallationen und Outdoor-M\u00f6bel bis hin zu Themenspielpl\u00e4tzen und inszenierten Sehensw\u00fcrdigkeiten. Er arbeitet eng mit Umweltplanern, Bauingenieuren, Umweltbildungsexperten sowie Internet- und Mediengestaltern zusammen.<\/p>\n\n\t<\/div> \n<\/div>\n","protected":false},"excerpt":{"rendered":"Angus Forbes wurde 1971 in Kenia geboren und wuchs im schottischen Hochland auf. Nach seinem Grundstudium an der Middlesex School of Art und Design in London absolvierte er sein Bachelor in Industriedesign an der University of Plymouth und sein Master in Landschaftsarchitektur an der Napier-University of Edinburgh. Im Jahr 1998 zog er nach Berlin, da [...]","protected":false},"author":1,"featured_media":0,"parent":0,"menu_order":0,"comment_status":"open","ping_status":"open","template":"","meta":[],"_links":{"self":[{"href":"http:\/\/angusforbes.net\/de\/index.php?rest_route=\/wp\/v2\/pages\/120"}],"collection":[{"href":"http:\/\/angusforbes.net\/de\/index.php?rest_route=\/wp\/v2\/pages"}],"about":[{"href":"http:\/\/angusforbes.net\/de\/index.php?rest_route=\/wp\/v2\/types\/page"}],"author":[{"embeddable":true,"href":"http:\/\/angusforbes.net\/de\/index.php?rest_route=\/wp\/v2\/users\/1"}],"replies":[{"embeddable":true,"href":"http:\/\/angusforbes.net\/de\/index.php?rest_route=%2Fwp%2Fv2%2Fcomments&post=120"}],"version-history":[{"count":15,"href":"http:\/\/angusforbes.net\/de\/index.php?rest_route=\/wp\/v2\/pages\/120\/revisions"}],"predecessor-version":[{"id":1562,"href":"http:\/\/angusforbes.net\/de\/index.php?rest_route=\/wp\/v2\/pages\/120\/revisions\/1562"}],"wp:attachment":[{"href":"http:\/\/angusforbes.net\/de\/index.php?rest_route=%2Fwp%2Fv2%2Fmedia&parent=120"}],"curies":[{"name":"wp","href":"https:\/\/api.w.org\/{rel}","templated":true}]}}